{"id":312,"date":"2022-08-18T23:46:34","date_gmt":"2022-08-18T23:46:34","guid":{"rendered":"https:\/\/www.metalicosmedellin.com.mx\/nvo\/?page_id=312"},"modified":"2023-01-03T15:24:40","modified_gmt":"2023-01-03T15:24:40","slug":"conocenos","status":"publish","type":"page","link":"https:\/\/www.metalicosmedellin.com.mx\/nvo\/home\/conocenos\/","title":{"rendered":"Con\u00f3cenos"},"content":{"rendered":"\t\t<div data-elementor-type=\"wp-page\" data-elementor-id=\"312\" class=\"elementor elementor-312\">\n\t\t\t\t\t\t<div class=\"elementor-inner\">\n\t\t\t\t<div class=\"elementor-section-wrap\">\n\t\t\t\t\t\t\t\t\t<section class=\"elementor-section elementor-top-section elementor-element elementor-element-59251f9 elementor-section-boxed elementor-section-height-default elementor-section-height-default\" data-id=\"59251f9\" data-element_type=\"section\">\n\t\t\t\t\t\t<div class=\"elementor-container elementor-column-gap-default\">\n\t\t\t\t\t\t\t<div class=\"elementor-row\">\n\t\t\t\t\t<div class=\"aux-parallax-section elementor-column elementor-col-50 elementor-top-column elementor-element elementor-element-8b1d6d4\" data-id=\"8b1d6d4\" data-element_type=\"column\">\n\t\t\t<div class=\"elementor-column-wrap elementor-element-populated\">\n\t\t\t\t\t\t\t<div class=\"elementor-widget-wrap\">\n\t\t\t\t\t\t<div class=\"elementor-element elementor-element-3bcd023 elementor-widget elementor-widget-text-editor\" data-id=\"3bcd023\" data-element_type=\"widget\" data-widget_type=\"text-editor.default\">\n\t\t\t\t<div class=\"elementor-widget-container\">\n\t\t\t\t\t\t\t\t<div class=\"elementor-text-editor elementor-clearfix\">\n\t\t\t\t<p>Somos una empresa especializada en la comercializaci\u00f3n de acero y sus derivados con mas de 20 a\u00f1os de servicio, iniciando operaciones en Julio de 1987 en Cd. Guzm\u00e1n, Jalisco atendiendo la zona occidente de Jalisco. Posteriormente abrimos la sucursal de Colima en Noviembre de 2001 atendiendo el estado de Colima y sur de Michoac\u00e1n.<\/p><p>Las ventajas que le ofrecemos y que nos han permitido contar con la confianza y preferencia de nuestros clientes son:<\/p>\t\t\t\t\t<\/div>\n\t\t\t\t\t\t<\/div>\n\t\t\t\t<\/div>\n\t\t\t\t<section class=\"elementor-section elementor-inner-section elementor-element elementor-element-cfa6f83 elementor-section-boxed elementor-section-height-default elementor-section-height-default\" data-id=\"cfa6f83\" data-element_type=\"section\">\n\t\t\t\t\t\t<div class=\"elementor-container elementor-column-gap-default\">\n\t\t\t\t\t\t\t<div class=\"elementor-row\">\n\t\t\t\t\t<div class=\"aux-parallax-section elementor-column elementor-col-50 elementor-inner-column elementor-element elementor-element-c3f8edc\" data-id=\"c3f8edc\" data-element_type=\"column\">\n\t\t\t<div class=\"elementor-column-wrap elementor-element-populated\">\n\t\t\t\t\t\t\t<div class=\"elementor-widget-wrap\">\n\t\t\t\t\t\t<div class=\"elementor-element elementor-element-7d61d37 elementor-widget elementor-widget-text-editor\" data-id=\"7d61d37\" data-element_type=\"widget\" data-widget_type=\"text-editor.default\">\n\t\t\t\t<div class=\"elementor-widget-container\">\n\t\t\t\t\t\t\t\t<div class=\"elementor-text-editor elementor-clearfix\">\n\t\t\t\t<ul><li>La <strong>ATENCI\u00d3N PERSONALIZADA<\/strong> que brindamos a nuestros clientes<\/li><li>El <strong>MEJOR SURTIDO<\/strong> de acero en la regi\u00f3n.<br \/>Los <strong>MEJORES PRECIOS<\/strong> del mercado.<\/li><li>Productos de primera <strong>CALIDAD<\/strong><\/li><\/ul>\t\t\t\t\t<\/div>\n\t\t\t\t\t\t<\/div>\n\t\t\t\t<\/div>\n\t\t\t\t\t\t<\/div>\n\t\t\t\t\t<\/div>\n\t\t<\/div>\n\t\t\t\t<div class=\"aux-parallax-section elementor-column elementor-col-50 elementor-inner-column elementor-element elementor-element-da06f85\" data-id=\"da06f85\" data-element_type=\"column\">\n\t\t\t<div class=\"elementor-column-wrap elementor-element-populated\">\n\t\t\t\t\t\t\t<div class=\"elementor-widget-wrap\">\n\t\t\t\t\t\t<div class=\"elementor-element elementor-element-0dec2d5 elementor-widget elementor-widget-text-editor\" data-id=\"0dec2d5\" data-element_type=\"widget\" data-widget_type=\"text-editor.default\">\n\t\t\t\t<div class=\"elementor-widget-container\">\n\t\t\t\t\t\t\t\t<div class=\"elementor-text-editor elementor-clearfix\">\n\t\t\t\t<ul><li><strong>ASESOR\u00cdA<\/strong> en proyectos.<\/li><li><strong>CUMPLIMIENTO<\/strong> del tiempo de entrega con nuestros clientes.<\/li><\/ul><ul><li>Nuestras <strong>ENTREGAS A DOMICILIO<\/strong>, en el mejor tiempo y con la mayor cobertura.<\/li><\/ul>\t\t\t\t\t<\/div>\n\t\t\t\t\t\t<\/div>\n\t\t\t\t<\/div>\n\t\t\t\t\t\t<\/div>\n\t\t\t\t\t<\/div>\n\t\t<\/div>\n\t\t\t\t\t\t\t\t<\/div>\n\t\t\t\t\t<\/div>\n\t\t<\/section>\n\t\t\t\t\t\t<\/div>\n\t\t\t\t\t<\/div>\n\t\t<\/div>\n\t\t\t\t<div class=\"aux-parallax-section elementor-column elementor-col-50 elementor-top-column elementor-element elementor-element-67ce4cd\" data-id=\"67ce4cd\" data-element_type=\"column\">\n\t\t\t<div class=\"elementor-column-wrap elementor-element-populated\">\n\t\t\t\t\t\t\t<div class=\"elementor-widget-wrap\">\n\t\t\t\t\t\t<div class=\"elementor-element elementor-element-ffabd77 elementor-widget elementor-widget-image\" data-id=\"ffabd77\" data-element_type=\"widget\" data-widget_type=\"image.default\">\n\t\t\t\t<div class=\"elementor-widget-container\">\n\t\t\t\t\t\t\t\t<div class=\"elementor-image\">\n\t\t\t\t\t\t\t\t\t\t\t\t<img loading=\"lazy\" decoding=\"async\" width=\"300\" height=\"300\" src=\"https:\/\/www.metalicosmedellin.com.mx\/nvo\/wp-content\/uploads\/2022\/12\/slider4_1600x900-300x300.jpg\" class=\"attachment-medium size-medium wp-image-1231\" alt=\"\" srcset=\"https:\/\/www.metalicosmedellin.com.mx\/nvo\/wp-content\/uploads\/2022\/12\/slider4_1600x900-300x300.jpg 300w, https:\/\/www.metalicosmedellin.com.mx\/nvo\/wp-content\/uploads\/2022\/12\/slider4_1600x900-150x150.jpg 150w, https:\/\/www.metalicosmedellin.com.mx\/nvo\/wp-content\/uploads\/2022\/12\/slider4_1600x900-768x768.jpg 768w\" sizes=\"auto, (max-width: 300px) 100vw, 300px\" \/>\t\t\t\t\t\t\t\t\t\t\t\t\t\t<\/div>\n\t\t\t\t\t\t<\/div>\n\t\t\t\t<\/div>\n\t\t\t\t\t\t<\/div>\n\t\t\t\t\t<\/div>\n\t\t<\/div>\n\t\t\t\t\t\t\t\t<\/div>\n\t\t\t\t\t<\/div>\n\t\t<\/section>\n\t\t\t\t<section class=\"elementor-section elementor-top-section elementor-element elementor-element-0eaad51 elementor-section-boxed elementor-section-height-default elementor-section-height-default\" data-id=\"0eaad51\" data-element_type=\"section\">\n\t\t\t\t\t\t<div class=\"elementor-container elementor-column-gap-default\">\n\t\t\t\t\t\t\t<div class=\"elementor-row\">\n\t\t\t\t\t<div class=\"aux-parallax-section elementor-column elementor-col-100 elementor-top-column elementor-element elementor-element-6863c08\" data-id=\"6863c08\" data-element_type=\"column\">\n\t\t\t<div class=\"elementor-column-wrap elementor-element-populated\">\n\t\t\t\t\t\t\t<div class=\"elementor-widget-wrap\">\n\t\t\t\t\t\t<div class=\"elementor-element elementor-element-0e2cdb0 elementor-arrows-position-inside elementor-pagination-position-outside elementor-widget elementor-widget-image-carousel\" data-id=\"0e2cdb0\" data-element_type=\"widget\" data-settings=\"{&quot;slides_to_show&quot;:&quot;3&quot;,&quot;autoplay_speed&quot;:3000,&quot;navigation&quot;:&quot;both&quot;,&quot;autoplay&quot;:&quot;yes&quot;,&quot;pause_on_hover&quot;:&quot;yes&quot;,&quot;pause_on_interaction&quot;:&quot;yes&quot;,&quot;infinite&quot;:&quot;yes&quot;,&quot;speed&quot;:500}\" data-widget_type=\"image-carousel.default\">\n\t\t\t\t<div class=\"elementor-widget-container\">\n\t\t\t\t\t<div class=\"elementor-image-carousel-wrapper swiper-container\" dir=\"ltr\">\n\t\t\t<div class=\"elementor-image-carousel swiper-wrapper\">\n\t\t\t\t\t\t\t\t<div class=\"swiper-slide\"><figure class=\"swiper-slide-inner\"><img decoding=\"async\" class=\"swiper-slide-image\" src=\"https:\/\/www.metalicosmedellin.com.mx\/nvo\/wp-content\/uploads\/2023\/01\/DSC_3068-300x300.jpg\" alt=\"DSC_3068\" \/><\/figure><\/div><div class=\"swiper-slide\"><figure class=\"swiper-slide-inner\"><img decoding=\"async\" class=\"swiper-slide-image\" src=\"https:\/\/www.metalicosmedellin.com.mx\/nvo\/wp-content\/uploads\/2023\/01\/DJI_0266-300x300.jpg\" alt=\"DJI_0266\" \/><\/figure><\/div><div class=\"swiper-slide\"><figure class=\"swiper-slide-inner\"><img decoding=\"async\" class=\"swiper-slide-image\" src=\"https:\/\/www.metalicosmedellin.com.mx\/nvo\/wp-content\/uploads\/2023\/01\/DSC_2824-300x300.jpg\" alt=\"DSC_2824\" \/><\/figure><\/div><div class=\"swiper-slide\"><figure class=\"swiper-slide-inner\"><img decoding=\"async\" class=\"swiper-slide-image\" src=\"https:\/\/www.metalicosmedellin.com.mx\/nvo\/wp-content\/uploads\/2023\/01\/DSC_2919-300x300.jpg\" alt=\"DSC_2919\" \/><\/figure><\/div><div class=\"swiper-slide\"><figure class=\"swiper-slide-inner\"><img decoding=\"async\" class=\"swiper-slide-image\" src=\"https:\/\/www.metalicosmedellin.com.mx\/nvo\/wp-content\/uploads\/2023\/01\/DSC_3012-300x300.jpg\" alt=\"DSC_3012\" \/><\/figure><\/div>\t\t\t<\/div>\n\t\t\t\t\t\t\t\t\t\t\t\t<div class=\"swiper-pagination\"><\/div>\n\t\t\t\t\t\t\t\t\t\t\t\t\t<div class=\"elementor-swiper-button elementor-swiper-button-prev\">\n\t\t\t\t\t\t<i aria-hidden=\"true\" class=\"eicon-chevron-left\"><\/i>\t\t\t\t\t\t<span class=\"elementor-screen-only\">Anterior<\/span>\n\t\t\t\t\t<\/div>\n\t\t\t\t\t<div class=\"elementor-swiper-button elementor-swiper-button-next\">\n\t\t\t\t\t\t<i aria-hidden=\"true\" class=\"eicon-chevron-right\"><\/i>\t\t\t\t\t\t<span class=\"elementor-screen-only\">Siguiente<\/span>\n\t\t\t\t\t<\/div>\n\t\t\t\t\t\t\t\t\t<\/div>\n\t\t\t\t<\/div>\n\t\t\t\t<\/div>\n\t\t\t\t\t\t<\/div>\n\t\t\t\t\t<\/div>\n\t\t<\/div>\n\t\t\t\t\t\t\t\t<\/div>\n\t\t\t\t\t<\/div>\n\t\t<\/section>\n\t\t\t\t\t\t\t\t\t<\/div>\n\t\t\t<\/div>\n\t\t\t\t\t<\/div>\n\t\t","protected":false},"excerpt":{"rendered":"<p>Somos una empresa especializada en la comercializaci\u00f3n de acero y sus derivados con mas de 20 a\u00f1os de servicio, iniciando operaciones en Julio de 1987 en Cd. Guzm\u00e1n, Jalisco atendiendo la zona occidente de Jalisco. Posteriormente abrimos la sucursal de Colima en Noviembre de 2001 atendiendo el estado de Colima y sur de Michoac\u00e1n. Las [&hellip;]<\/p>\n","protected":false},"author":1,"featured_media":0,"parent":112,"menu_order":0,"comment_status":"closed","ping_status":"closed","template":"","meta":{"footnotes":""},"class_list":["post-312","page","type-page","status-publish","hentry"],"_links":{"self":[{"href":"https:\/\/www.metalicosmedellin.com.mx\/nvo\/wp-json\/wp\/v2\/pages\/312","targetHints":{"allow":["GET"]}}],"collection":[{"href":"https:\/\/www.metalicosmedellin.com.mx\/nvo\/wp-json\/wp\/v2\/pages"}],"about":[{"href":"https:\/\/www.metalicosmedellin.com.mx\/nvo\/wp-json\/wp\/v2\/types\/page"}],"author":[{"embeddable":true,"href":"https:\/\/www.metalicosmedellin.com.mx\/nvo\/wp-json\/wp\/v2\/users\/1"}],"replies":[{"embeddable":true,"href":"https:\/\/www.metalicosmedellin.com.mx\/nvo\/wp-json\/wp\/v2\/comments?post=312"}],"version-history":[{"count":52,"href":"https:\/\/www.metalicosmedellin.com.mx\/nvo\/wp-json\/wp\/v2\/pages\/312\/revisions"}],"predecessor-version":[{"id":1547,"href":"https:\/\/www.metalicosmedellin.com.mx\/nvo\/wp-json\/wp\/v2\/pages\/312\/revisions\/1547"}],"up":[{"embeddable":true,"href":"https:\/\/www.metalicosmedellin.com.mx\/nvo\/wp-json\/wp\/v2\/pages\/112"}],"wp:attachment":[{"href":"https:\/\/www.metalicosmedellin.com.mx\/nvo\/wp-json\/wp\/v2\/media?parent=312"}],"curies":[{"name":"wp","href":"https:\/\/api.w.org\/{rel}","templated":true}]}}